{"id":50,"date":"2024-09-26T13:23:24","date_gmt":"2024-09-26T11:23:24","guid":{"rendered":"https:\/\/jornades.iefc.cat\/?page_id=50"},"modified":"2024-10-14T14:31:00","modified_gmt":"2024-10-14T12:31:00","slug":"programa","status":"publish","type":"page","link":"https:\/\/jornades.iefc.cat\/2024\/programa\/","title":{"rendered":"Programa-cat"},"content":{"rendered":"\n<p class=\"has-large-font-size\" style=\"padding-top:0;padding-bottom:0\"><strong>22 D&#8217;OCTUBRE<\/strong><\/p>\n\n\n\n<p class=\"has-medium-font-size\"><strong>DE LA REALITAT \u00cdNTIMA <\/strong><strong>A LA SOCIAL<\/strong><\/p>\n\n\n\n<hr class=\"wp-block-separator has-text-color has-black-color has-alpha-channel-opacity has-black-background-color has-background\"\/>\n\n\n\n<p class=\"has-small-font-size\">18 a 21 h. Espai 4. La Virreina Centre de la Imatge.<br><em>Xerrades en catal\u00e0 i castell\u00e0.<\/em><\/p>\n\n\n\n<p><strong>La subversi\u00f3 de la realitat<\/strong>, <strong><a href=\"http:\/\/www.israelarino.com\" data-type=\"link\" data-id=\"www.israelarino.com\">Israel Ari\u00f1o<\/a><\/strong><\/p>\n\n\n\n<div class=\"wp-block-columns is-layout-flex wp-container-core-columns-is-layout-28f84493 wp-block-columns-is-layout-flex\">\n<div class=\"wp-block-column is-layout-flow wp-block-column-is-layout-flow\" style=\"flex-basis:33.33%\">\n<figure class=\"wp-block-image size-full has-custom-border wp-duotone-unset-1\"><a href=\"www.israelarino.com\"><img loading=\"lazy\" decoding=\"async\" width=\"800\" height=\"1000\" src=\"https:\/\/jornades.iefc.cat\/2024\/wp-content\/uploads\/2024\/09\/ISRAEL_ARINO_2022_web.jpg\" alt=\"\" class=\"wp-image-82\" style=\"border-style:none;border-width:0px\" srcset=\"https:\/\/jornades.iefc.cat\/2024\/wp-content\/uploads\/2024\/09\/ISRAEL_ARINO_2022_web.jpg 800w, https:\/\/jornades.iefc.cat\/2024\/wp-content\/uploads\/2024\/09\/ISRAEL_ARINO_2022_web-240x300.jpg 240w, https:\/\/jornades.iefc.cat\/2024\/wp-content\/uploads\/2024\/09\/ISRAEL_ARINO_2022_web-768x960.jpg 768w\" sizes=\"auto, (max-width: 800px) 100vw, 800px\" \/><\/a><figcaption class=\"wp-element-caption\">\u00a9 Israel Ari\u00f1o<\/figcaption><\/figure>\n<\/div>\n\n\n\n<div class=\"wp-block-column is-layout-flow wp-block-column-is-layout-flow\" style=\"flex-basis:66.66%\">\n<p>Fotografiar l&#8217;evident o el suggeriment; traspassar el descriptiu per a mostrar l&#8217;ocult: subvertir l&#8217;aparen\u00e7a. En l&#8217;espai geogr\u00e0fic -territori i habitants- com l&#8217;espai mental de l&#8217;experi\u00e8ncia \u00edntima, esdev\u00e9 la dimensi\u00f3 po\u00e8tica de la fotografia.<\/p>\n<\/div>\n<\/div>\n\n\n\n<p><strong>Avui penso en un autoretrat per allunyar al jo de la dissoluci\u00f3 (*)<\/strong>, <strong><a href=\"http:\/\/sandymoldavia.hotglue.me\" data-type=\"link\" data-id=\"sandymoldavia.hotglue.me\">Sandy Moldavia<\/a><\/strong><\/p>\n\n\n\n<div class=\"wp-block-columns is-layout-flex wp-container-core-columns-is-layout-28f84493 wp-block-columns-is-layout-flex\">\n<div class=\"wp-block-column is-layout-flow wp-block-column-is-layout-flow\" style=\"flex-basis:33.33%\">\n<figure class=\"wp-block-image size-large\"><img loading=\"lazy\" decoding=\"async\" width=\"640\" height=\"1024\" src=\"https:\/\/jornades.iefc.cat\/2024\/wp-content\/uploads\/2024\/09\/SandyMoldavia_Selfies-Zepeto-2018-web-640x1024.jpg\" alt=\"\" class=\"wp-image-84\" srcset=\"https:\/\/jornades.iefc.cat\/2024\/wp-content\/uploads\/2024\/09\/SandyMoldavia_Selfies-Zepeto-2018-web-640x1024.jpg 640w, https:\/\/jornades.iefc.cat\/2024\/wp-content\/uploads\/2024\/09\/SandyMoldavia_Selfies-Zepeto-2018-web-188x300.jpg 188w, https:\/\/jornades.iefc.cat\/2024\/wp-content\/uploads\/2024\/09\/SandyMoldavia_Selfies-Zepeto-2018-web-768x1229.jpg 768w, https:\/\/jornades.iefc.cat\/2024\/wp-content\/uploads\/2024\/09\/SandyMoldavia_Selfies-Zepeto-2018-web.jpg 800w\" sizes=\"auto, (max-width: 640px) 100vw, 640px\" \/><figcaption class=\"wp-element-caption\">\u00a9 Sandy Moldavia<\/figcaption><\/figure>\n<\/div>\n\n\n\n<div class=\"wp-block-column is-layout-flow wp-block-column-is-layout-flow\" style=\"flex-basis:66.66%\">\n<p>A partir del concepte d\u2019<em>extimitat <\/em>i d\u2019una selecci\u00f3 d\u2019obres de la mateixa artista, es parlar\u00e0 sobre el desig d\u2019un jo que cerca, a trav\u00e9s de l\u2019autorepresentaci\u00f3, trobar en all\u00f2 com\u00fa i all\u00f2 universal formes de narrar les contradiccions del sistema capitalista.<\/p>\n\n\n\n<p>(*) Del primer <em>Diari <\/em>d\u2019Ana\u00efs Nin.<\/p>\n<\/div>\n<\/div>\n\n\n\n<p><strong><em>Colecci\u00f3n de cuandos<\/em><\/strong>, <strong><a href=\"http:\/\/www.nodetenerse.com\" data-type=\"link\" data-id=\"www.nodetenerse.com\">Juanan Requena<\/a><\/strong><\/p>\n\n\n\n<div class=\"wp-block-columns is-layout-flex wp-container-core-columns-is-layout-28f84493 wp-block-columns-is-layout-flex\">\n<div class=\"wp-block-column is-layout-flow wp-block-column-is-layout-flow\" style=\"flex-basis:33.33%\">\n<figure class=\"wp-block-image size-large\"><img loading=\"lazy\" decoding=\"async\" width=\"683\" height=\"1024\" src=\"https:\/\/jornades.iefc.cat\/2024\/wp-content\/uploads\/2024\/09\/juanan_sintitulo_2022_web-683x1024.jpg\" alt=\"\" class=\"wp-image-90\" srcset=\"https:\/\/jornades.iefc.cat\/2024\/wp-content\/uploads\/2024\/09\/juanan_sintitulo_2022_web-683x1024.jpg 683w, https:\/\/jornades.iefc.cat\/2024\/wp-content\/uploads\/2024\/09\/juanan_sintitulo_2022_web-200x300.jpg 200w, https:\/\/jornades.iefc.cat\/2024\/wp-content\/uploads\/2024\/09\/juanan_sintitulo_2022_web-768x1152.jpg 768w, https:\/\/jornades.iefc.cat\/2024\/wp-content\/uploads\/2024\/09\/juanan_sintitulo_2022_web.jpg 800w\" sizes=\"auto, (max-width: 683px) 100vw, 683px\" \/><figcaption class=\"wp-element-caption\">\u00a9 Juanan Requena<\/figcaption><\/figure>\n<\/div>\n\n\n\n<div class=\"wp-block-column is-layout-flow wp-block-column-is-layout-flow\" style=\"flex-basis:66.66%\">\n<p>Hablan las fotograf\u00edas de la duraci\u00f3n de lo que se crey\u00f3 por un instante, o de su fr\u00e1gil estancia al menos.<br>De todo cuanto un d\u00eda fue ra\u00edz y temblar\u00e1 en tus manos desde entonces. De las marcas sobre las p\u00e1ginas compartidas.<br>De los vaivenes que siempre transforma el recuerdo. De la perenne b\u00fasqueda que borra respuestas porque no desea su final.<br>De cuanto crece invisible apenas y deja sobre la memoria cientos de pa\u00f1uelos de bruma.<\/p>\n<\/div>\n<\/div>\n\n\n\n<p><strong>Apunts er\u00f2tics sobre la dial\u00e8ctica entre all\u00f2 pol\u00edtic i all\u00f2 personal en all\u00f2 femen\u00ed<\/strong>, <strong><a href=\"https:\/\/www.instagram.com\/juanadolorex\/\" data-type=\"link\" data-id=\"https:\/\/www.instagram.com\/juanadolorex\/\">Juana Dolores<\/a><\/strong><\/p>\n\n\n\n<div class=\"wp-block-columns is-layout-flex wp-container-core-columns-is-layout-28f84493 wp-block-columns-is-layout-flex\">\n<div class=\"wp-block-column is-layout-flow wp-block-column-is-layout-flow\" style=\"flex-basis:33.33%\">\n<figure class=\"wp-block-image size-large\"><img loading=\"lazy\" decoding=\"async\" width=\"768\" height=\"1024\" src=\"https:\/\/jornades.iefc.cat\/2024\/wp-content\/uploads\/2024\/09\/JuanaDolores_MISSUNIVERSO2021-web-768x1024.jpg\" alt=\"\" class=\"wp-image-92\" srcset=\"https:\/\/jornades.iefc.cat\/2024\/wp-content\/uploads\/2024\/09\/JuanaDolores_MISSUNIVERSO2021-web-768x1024.jpg 768w, https:\/\/jornades.iefc.cat\/2024\/wp-content\/uploads\/2024\/09\/JuanaDolores_MISSUNIVERSO2021-web-225x300.jpg 225w, https:\/\/jornades.iefc.cat\/2024\/wp-content\/uploads\/2024\/09\/JuanaDolores_MISSUNIVERSO2021-web.jpg 800w\" sizes=\"auto, (max-width: 768px) 100vw, 768px\" \/><figcaption class=\"wp-element-caption\">\u00a9 Juana Dolores \/ Amanda G. Eleuterio<\/figcaption><\/figure>\n<\/div>\n\n\n\n<div class=\"wp-block-column is-layout-flow wp-block-column-is-layout-flow\" style=\"flex-basis:66.66%\">\n<p>A partir de l&#8217;an\u00e0lisi de les l\u00ednies te\u00f2riques i est\u00e8tiques del meu treball, reflexionar\u00e9 sobre la feminitat des de la seva dimensi\u00f3 sociocultural i des de la seva esfera \u00edntima, explorant les seves capacitats de disrupci\u00f3 i les seves formes&nbsp;prefiguratives&nbsp;de dissid\u00e8ncia, transgressi\u00f3 i subversi\u00f3 contra la normativitat i la moral capitalista.<\/p>\n<\/div>\n<\/div>\n\n\n\n<p class=\"has-large-font-size\" style=\"padding-top:0;padding-bottom:0\"><strong>23 D&#8217;OCTUBRE<\/strong><\/p>\n\n\n\n<p><strong>DE LA REALITAT F\u00cdSICA A LA IL\u00b7LUS\u00d2RIA<\/strong><\/p>\n\n\n\n<hr class=\"wp-block-separator has-text-color has-black-color has-alpha-channel-opacity has-black-background-color has-background\"\/>\n\n\n\n<p class=\"has-small-font-size\">18 a 21 h. Espai 4. La Virreina Centre de la Imatge.<br><em>Xerrada en angl\u00e8s<\/em><\/p>\n\n\n\n<p><strong><em>The order of the Camera<\/em><\/strong><\/p>\n\n\n\n<figure class=\"wp-block-image size-full\"><img loading=\"lazy\" decoding=\"async\" width=\"1000\" height=\"464\" src=\"https:\/\/jornades.iefc.cat\/2024\/wp-content\/uploads\/2024\/09\/B7658-wesely.jpg\" alt=\"\" class=\"wp-image-141\" srcset=\"https:\/\/jornades.iefc.cat\/2024\/wp-content\/uploads\/2024\/09\/B7658-wesely.jpg 1000w, https:\/\/jornades.iefc.cat\/2024\/wp-content\/uploads\/2024\/09\/B7658-wesely-300x139.jpg 300w, https:\/\/jornades.iefc.cat\/2024\/wp-content\/uploads\/2024\/09\/B7658-wesely-768x356.jpg 768w\" sizes=\"auto, (max-width: 1000px) 100vw, 1000px\" \/><figcaption class=\"wp-element-caption\">\u00a9 Michael Wesely<\/figcaption><\/figure>\n\n\n\n<p>L&#8217;obra de <a href=\"http:\/\/www.wesely.org\" data-type=\"link\" data-id=\"www.wesely.org\"><strong>Michael&nbsp;Wesely<\/strong><\/a>, com la seva manera d&#8217;entendre la fotografia, va sorgir d&#8217;un inter\u00e8s profund per la c\u00e0mera fotogr\u00e0fica; aquest espai tridimensional que enquadra per recollir la llum i donar forma a una imatge.<br>El terme, <strong>c\u00e0mera<\/strong>, procedeix de l&#8217;itali\u00e0,&nbsp;c\u00e0mera, vol dir -simplement- habitaci\u00f3. Cap al 1989, quan es van celebrar els&nbsp;150&nbsp;anys del naixement de la fotografia, l&#8217;autor va canalitzar el treball sobre el fonament t\u00e8cnic integrat en aquesta estada de llum i, en concret, en el que permet explorar els l\u00edmits del temps d&#8217;exposici\u00f3.<br>La seva afinitat \u00fanica amb <em>The order of the camera<\/em> us permet construir imatges de la realitat en qu\u00e8 explora el concepte de temps, diferents condicions d&#8217;obertura i una altra idea d&#8217;enfocament. En totes aquestes s\u00e8ries d&#8217;obres transcendeix la representaci\u00f3 cl\u00e0ssica de l&#8217;instant fotogr\u00e0fic.<\/p>\n\n\n\n<p class=\"has-large-font-size\" style=\"padding-top:0;padding-bottom:0\"><strong>24 D&#8217;OCTUBRE<\/strong><\/p>\n\n\n\n<p><strong>DE LA REALITAT VISIBLE A LA IMAGINADA<\/strong><\/p>\n\n\n\n<hr class=\"wp-block-separator has-text-color has-black-color has-alpha-channel-opacity has-black-background-color has-background\"\/>\n\n\n\n<p class=\"has-small-font-size\">18 a 21 h. Espai 4. La Virreina Centre de la Imatge.<br><em>Xerrades en catal\u00e0<\/em><\/p>\n\n\n\n<p>Tanit&nbsp;Plana i Josep Maria Ganyet dirigiran aquesta sessi\u00f3, explorant la transici\u00f3 de la realitat visible, tangible, cap a una dimensi\u00f3 imaginada i conceptual. Mitjan\u00e7ant les seves obres, abordaran com la fotografia pot ser utilitzada per reinterpretar i reinventar la realitat, donant lloc a noves narratives i significats simb\u00f2lics.<\/p>\n\n\n\n<p><strong>La m\u00e0quina <em>queer<\/em><\/strong>, <strong><a href=\"http:\/\/www.tanitplana.com\" data-type=\"link\" data-id=\"www.tanitplana.com\">Tanit Plana<\/a><\/strong><\/p>\n\n\n\n<div class=\"wp-block-columns is-layout-flex wp-container-core-columns-is-layout-28f84493 wp-block-columns-is-layout-flex\">\n<div class=\"wp-block-column is-layout-flow wp-block-column-is-layout-flow\" style=\"flex-basis:33.33%\">\n<figure class=\"wp-block-image size-full\"><img loading=\"lazy\" decoding=\"async\" width=\"800\" height=\"800\" src=\"https:\/\/jornades.iefc.cat\/2024\/wp-content\/uploads\/2024\/09\/d14c4840-4453-4e84-b2ad-e48cc483bd3c_1_tanit-plana.jpg\" alt=\"\" class=\"wp-image-164\" srcset=\"https:\/\/jornades.iefc.cat\/2024\/wp-content\/uploads\/2024\/09\/d14c4840-4453-4e84-b2ad-e48cc483bd3c_1_tanit-plana.jpg 800w, https:\/\/jornades.iefc.cat\/2024\/wp-content\/uploads\/2024\/09\/d14c4840-4453-4e84-b2ad-e48cc483bd3c_1_tanit-plana-300x300.jpg 300w, https:\/\/jornades.iefc.cat\/2024\/wp-content\/uploads\/2024\/09\/d14c4840-4453-4e84-b2ad-e48cc483bd3c_1_tanit-plana-150x150.jpg 150w, https:\/\/jornades.iefc.cat\/2024\/wp-content\/uploads\/2024\/09\/d14c4840-4453-4e84-b2ad-e48cc483bd3c_1_tanit-plana-768x768.jpg 768w\" sizes=\"auto, (max-width: 800px) 100vw, 800px\" \/><figcaption class=\"wp-element-caption\">\u00a9 Tanit Plana<\/figcaption><\/figure>\n<\/div>\n\n\n\n<div class=\"wp-block-column is-layout-flow wp-block-column-is-layout-flow\" style=\"flex-basis:66.66%\">\n<p>Agafar de la m\u00e0 la intel\u00b7lig\u00e8ncia artificial i portar-la de passeig cap a on no se suposa que hi ha d&#8217;anar. Pels marges.<br>Desviar-la per poder disparar contra tots els mecanismes que la constitueixen, que perpetuen models socials, econ\u00f2mics i geopol\u00edtics caducats.<br>\u00c9s un intent, un gest po\u00e8tic i pol\u00edtic, d&#8217;abra\u00e7ar tantes contradiccions com sigui possible en la creaci\u00f3, els usos i l&#8217;exploraci\u00f3 dels m\u00e8todes sint\u00e8tics.<br>Urgeix la necessitat i el desig d&#8217;acostament per establir una possible relaci\u00f3 amb la m\u00e0quina i m\u00e9s enll\u00e0. Entrar en contacte a trav\u00e9s del joc i la creaci\u00f3 per poder pensar cr\u00edticament sobre els nous contextos (i les problem\u00e0tiques associades a ells) que ens s\u00f3n proposats mitjan\u00e7ant l&#8217;anomenada intel\u00b7lig\u00e8ncia artificial.<br>No hi ha el que la m\u00e0quina pot o el que la m\u00e0quina fa, no \u00e9s ella o nosaltres. La m\u00e0quina s\u00f3c jo. La m\u00e0quina ets tu.<\/p>\n<\/div>\n<\/div>\n\n\n\n<p><strong>La&nbsp;IA&nbsp;generativa: de S\u00f3crates a Frankenstein<\/strong>, <strong><a href=\"http:\/\/www.mortensen.cat\" data-type=\"link\" data-id=\"www.mortensen.cat\">Josep Maria Ganyet<\/a><\/strong><\/p>\n\n\n\n<p>Es pot establir una analogia entre l&#8217;oposici\u00f3 de S\u00f2crates a la tecnologia de la paraula escrita (els nostres joves perdran la capacitat de memoritzar) i l&#8217;oposici\u00f3 a la IA per part de la comunitat creativa.La generaci\u00f3 d&#8217;IA ens far\u00e0 oblidar com crear? Una altra analogia la trobem als processos de creaci\u00f3 amb IA generativa on persona i m\u00e0quina creen a partir de peces preexistents com en el cas del Dr. Frankenstein i el seu monstre. Ens pot acabar matant el monstre? O, per contra, ens pot desfer dels treballs repetitius.<\/p>\n\n\n\n<p><\/p>\n","protected":false},"excerpt":{"rendered":"<p>22 D&#8217;OCTUBRE DE LA REALITAT \u00cdNTIMA A LA SOCIAL 18 a 21 h. Espai 4. La Virreina Centre de la Imatge.Xerrades en catal\u00e0 i castell\u00e0. La subversi\u00f3 de la realitat, Israel Ari\u00f1o Fotografiar l&#8217;evident o el suggeriment; traspassar el descriptiu per a mostrar l&#8217;ocult: subvertir l&#8217;aparen\u00e7a. En l&#8217;espai geogr\u00e0fic -territori i habitants- com l&#8217;espai mental [&hellip;]<\/p>\n","protected":false},"author":1,"featured_media":0,"parent":0,"menu_order":0,"comment_status":"closed","ping_status":"closed","template":"","meta":{"footnotes":""},"class_list":["post-50","page","type-page","status-publish","hentry"],"_links":{"self":[{"href":"https:\/\/jornades.iefc.cat\/2024\/wp-json\/wp\/v2\/pages\/50","targetHints":{"allow":["GET"]}}],"collection":[{"href":"https:\/\/jornades.iefc.cat\/2024\/wp-json\/wp\/v2\/pages"}],"about":[{"href":"https:\/\/jornades.iefc.cat\/2024\/wp-json\/wp\/v2\/types\/page"}],"author":[{"embeddable":true,"href":"https:\/\/jornades.iefc.cat\/2024\/wp-json\/wp\/v2\/users\/1"}],"replies":[{"embeddable":true,"href":"https:\/\/jornades.iefc.cat\/2024\/wp-json\/wp\/v2\/comments?post=50"}],"version-history":[{"count":39,"href":"https:\/\/jornades.iefc.cat\/2024\/wp-json\/wp\/v2\/pages\/50\/revisions"}],"predecessor-version":[{"id":387,"href":"https:\/\/jornades.iefc.cat\/2024\/wp-json\/wp\/v2\/pages\/50\/revisions\/387"}],"wp:attachment":[{"href":"https:\/\/jornades.iefc.cat\/2024\/wp-json\/wp\/v2\/media?parent=50"}],"curies":[{"name":"wp","href":"https:\/\/api.w.org\/{rel}","templated":true}]}}