{"id":226,"date":"2024-10-04T10:32:02","date_gmt":"2024-10-04T08:32:02","guid":{"rendered":"https:\/\/jornades.iefc.cat\/?page_id=226"},"modified":"2024-10-09T12:27:12","modified_gmt":"2024-10-09T10:27:12","slug":"premsa","status":"publish","type":"page","link":"https:\/\/jornades.iefc.cat\/2024\/premsa\/","title":{"rendered":"Premsa"},"content":{"rendered":"\n<p>CONTACTE<\/p>\n\n\n\n<p>Per a m\u00e9s informaci\u00f3, podeu contactar amb:<\/p>\n\n\n\n<p><a href=\"https:\/\/www.iefc.cat\/equip-huma\/llorenc-raich-munoz\/\"><strong>Lloren\u00e7 Raich<\/strong><\/a><br>llraich@iefc.cat<\/p>\n\n\n\n<p><a href=\"https:\/\/www.iefc.cat\/equip-huma\/ramon-casanova\/\"><strong>Ram\u00f3n Casanova<\/strong><\/a><br>rcasanova@iefc.cat<\/p>\n\n\n\n<p>Tel. 934 941 127<\/p>\n\n\n\n<p class=\"has-large-font-size\" id=\"https:\/\/bit.ly\/3Njmpq4\"><a href=\"https:\/\/bit.ly\/3Njmpq4\">DOCUMENTS DESCARREGABLES<\/a><\/p>\n\n\n\n<p><\/p>\n","protected":false},"excerpt":{"rendered":"<p>CONTACTE Per a m\u00e9s informaci\u00f3, podeu contactar amb: Lloren\u00e7 Raichllraich@iefc.cat Ram\u00f3n Casanovarcasanova@iefc.cat Tel. 934 941 127 DOCUMENTS DESCARREGABLES<\/p>\n","protected":false},"author":1,"featured_media":0,"parent":0,"menu_order":0,"comment_status":"closed","ping_status":"closed","template":"","meta":{"footnotes":""},"class_list":["post-226","page","type-page","status-publish","hentry"],"_links":{"self":[{"href":"https:\/\/jornades.iefc.cat\/2024\/wp-json\/wp\/v2\/pages\/226","targetHints":{"allow":["GET"]}}],"collection":[{"href":"https:\/\/jornades.iefc.cat\/2024\/wp-json\/wp\/v2\/pages"}],"about":[{"href":"https:\/\/jornades.iefc.cat\/2024\/wp-json\/wp\/v2\/types\/page"}],"author":[{"embeddable":true,"href":"https:\/\/jornades.iefc.cat\/2024\/wp-json\/wp\/v2\/users\/1"}],"replies":[{"embeddable":true,"href":"https:\/\/jornades.iefc.cat\/2024\/wp-json\/wp\/v2\/comments?post=226"}],"version-history":[{"count":6,"href":"https:\/\/jornades.iefc.cat\/2024\/wp-json\/wp\/v2\/pages\/226\/revisions"}],"predecessor-version":[{"id":343,"href":"https:\/\/jornades.iefc.cat\/2024\/wp-json\/wp\/v2\/pages\/226\/revisions\/343"}],"wp:attachment":[{"href":"https:\/\/jornades.iefc.cat\/2024\/wp-json\/wp\/v2\/media?parent=226"}],"curies":[{"name":"wp","href":"https:\/\/api.w.org\/{rel}","templated":true}]}}