{"id":2,"date":"2024-09-25T15:58:49","date_gmt":"2024-09-25T13:58:49","guid":{"rendered":"https:\/\/jornades.iefc.cat\/?page_id=2"},"modified":"2024-10-11T13:20:43","modified_gmt":"2024-10-11T11:20:43","slug":"les-jornades","status":"publish","type":"page","link":"https:\/\/jornades.iefc.cat\/2024\/les-jornades\/","title":{"rendered":"Les Jornades"},"content":{"rendered":"\n<p style=\"padding-top:var(--wp--preset--spacing--40);padding-bottom:var(--wp--preset--spacing--40)\">D&#8217;origen i sentit interdisciplinari, i organitzades amb car\u00e0cter biennal per l&#8217;<a href=\"https:\/\/www.iefc.cat\/\"><strong>Institut d&#8217;Estudis Fotogr\u00e0fics de Catalunya (IEFC)<\/strong><\/a>, les Jornades comptaran amb la col\u00b7laboraci\u00f3 d&#8217;artistes, te\u00f2rics i pensadors, que amb les seves experi\u00e8ncies, estudis i idees aportin respostes, interrogants, afirmacions o q\u00fcestionaments sobre el nostre present fotogr\u00e0fic.<\/p>\n\n\n\n<p class=\"has-large-font-size\" style=\"padding-top:var(--wp--preset--spacing--20);padding-right:0;padding-bottom:var(--wp--preset--spacing--20);padding-left:0\">III JORNADES DE FOTOGRAFIA CONTEMPOR\u00c0NIA<\/p>\n\n\n\n<hr class=\"wp-block-separator has-text-color has-black-color has-alpha-channel-opacity has-black-background-color has-background\"\/>\n\n\n\n<p class=\"has-large-font-size\">Fotografia i realitat; mediaci\u00f3 i representaci\u00f3<\/p>\n\n\n\n<p>La Virreina Centre de la Imatge<br>22 al 24 d&#8217;octubre de 2024<br>18 a 21 h<\/p>\n\n\n\n<p class=\"has-roboto-font-family\">Tot mitj\u00e0 art\u00edstic parteix de l&#8217;esdevenir de la realitat per tal d&#8217;accedir a la seva compressi\u00f3. Un itinerari marcat per la singularitat t\u00e8cnica que cadascuna de les arts aplica en la seva representaci\u00f3 simb\u00f2lica.<\/p>\n\n\n\n<p>La fotografia, en necessitar&nbsp;la&nbsp;realitat immediata, es va trobar davant l&#8217;abisme d&#8217;una nova concepci\u00f3 creativa: atorgar sentit a la realitat visible, a aquesta mateixa realitat que la cambra reprodu\u00efa amb una precisi\u00f3 in\u00e8dita, aspecte que s&#8217;allunyava del principi de creaci\u00f3 de la p\u00e0gina o el llen\u00e7 en blanc.<\/p>\n\n\n\n<p>El proc\u00e9s fotogr\u00e0fic arg\u00e8ntic, la irrupci\u00f3 de la fotografia digital i la creaci\u00f3 d&#8217;imatges d&#8217;acabat fotogr\u00e0fic generades per la IA, conviuen en la nostra contemporane\u00eftat a trav\u00e9s d&#8217;autories que les requereixen per a la concepci\u00f3 de la seva obra amb una mateixa finalitat: transcendir&nbsp;el visible&nbsp;per expressar les vicissituds de l&#8217;\u00e9sser hum\u00e0; tanmateix,&nbsp;com&nbsp;per q\u00fcestionar la realitat social que l&#8217;envolta.<\/p>\n\n\n\n<p class=\"has-roboto-font-family\">En aquestes jornades abordarem els posicionaments que l&#8217;art, la ci\u00e8ncia i el pensament adopten, en la seva mediaci\u00f3 amb la realitat, davant dels nous reptes que presenta el segle XXI.<\/p>\n\n\n\n<figure class=\"wp-block-image size-large\"><img loading=\"lazy\" decoding=\"async\" width=\"734\" height=\"1024\" src=\"https:\/\/jornades.iefc.cat\/2024\/wp-content\/uploads\/2024\/09\/cartell-jornades-fotografia-contemporania-iefc-ombra-734x1024.jpg\" alt=\"\" class=\"wp-image-34\" srcset=\"https:\/\/jornades.iefc.cat\/2024\/wp-content\/uploads\/2024\/09\/cartell-jornades-fotografia-contemporania-iefc-ombra-734x1024.jpg 734w, https:\/\/jornades.iefc.cat\/2024\/wp-content\/uploads\/2024\/09\/cartell-jornades-fotografia-contemporania-iefc-ombra-215x300.jpg 215w, https:\/\/jornades.iefc.cat\/2024\/wp-content\/uploads\/2024\/09\/cartell-jornades-fotografia-contemporania-iefc-ombra-768x1072.jpg 768w, https:\/\/jornades.iefc.cat\/2024\/wp-content\/uploads\/2024\/09\/cartell-jornades-fotografia-contemporania-iefc-ombra-1101x1536.jpg 1101w, https:\/\/jornades.iefc.cat\/2024\/wp-content\/uploads\/2024\/09\/cartell-jornades-fotografia-contemporania-iefc-ombra-1468x2048.jpg 1468w, https:\/\/jornades.iefc.cat\/2024\/wp-content\/uploads\/2024\/09\/cartell-jornades-fotografia-contemporania-iefc-ombra-scaled.jpg 1835w\" sizes=\"auto, (max-width: 734px) 100vw, 734px\" \/><\/figure>\n\n\n\n<p><strong>Comissariat<\/strong><br>Ram\u00f3n Casanova i Lloren\u00e7 Raich.<br>Departament d\u2019Activitats Culturals de l\u2019IEFC<\/p>\n\n\n\n<p><strong>Direcci\u00f3<\/strong><br>Josep Maria de Llobet<\/p>\n\n\n\n<p><strong>Organitza<\/strong><br>IEFC, Institut d\u2019Estudis Fotogr\u00e0fics de Catalunya.<\/p>\n\n\n\n<p><strong>Col\u00b7laboraci\u00f3<\/strong><br>La Virreina Centre de la Imatge<\/p>\n\n\n\n<p><strong>Suport<\/strong><br>Departament de Cultura de la Generalitat de Catalunya. <br><\/p>\n\n\n\n<div class=\"wp-block-columns is-layout-flex wp-container-core-columns-is-layout-28f84493 wp-block-columns-is-layout-flex\">\n<div class=\"wp-block-column is-layout-flow wp-block-column-is-layout-flow\">\n<figure class=\"wp-block-image size-full\"><img loading=\"lazy\" decoding=\"async\" width=\"498\" height=\"220\" src=\"https:\/\/jornades.iefc.cat\/2024\/wp-content\/uploads\/2024\/10\/iefc-1.jpg\" alt=\"\" class=\"wp-image-221\" srcset=\"https:\/\/jornades.iefc.cat\/2024\/wp-content\/uploads\/2024\/10\/iefc-1.jpg 498w, https:\/\/jornades.iefc.cat\/2024\/wp-content\/uploads\/2024\/10\/iefc-1-300x133.jpg 300w\" sizes=\"auto, (max-width: 498px) 100vw, 498px\" \/><\/figure>\n<\/div>\n\n\n\n<div class=\"wp-block-column is-layout-flow wp-block-column-is-layout-flow\">\n<figure class=\"wp-block-image size-full\"><img loading=\"lazy\" decoding=\"async\" width=\"558\" height=\"220\" src=\"https:\/\/jornades.iefc.cat\/2024\/wp-content\/uploads\/2024\/10\/lavierreina.jpg\" alt=\"\" class=\"wp-image-222\" srcset=\"https:\/\/jornades.iefc.cat\/2024\/wp-content\/uploads\/2024\/10\/lavierreina.jpg 558w, https:\/\/jornades.iefc.cat\/2024\/wp-content\/uploads\/2024\/10\/lavierreina-300x118.jpg 300w\" sizes=\"auto, (max-width: 558px) 100vw, 558px\" \/><\/figure>\n<\/div>\n\n\n\n<div class=\"wp-block-column is-layout-flow wp-block-column-is-layout-flow\">\n<figure class=\"wp-block-image size-full\"><img loading=\"lazy\" decoding=\"async\" width=\"606\" height=\"220\" src=\"https:\/\/jornades.iefc.cat\/2024\/wp-content\/uploads\/2024\/10\/generalitat.jpg\" alt=\"\" class=\"wp-image-223\" srcset=\"https:\/\/jornades.iefc.cat\/2024\/wp-content\/uploads\/2024\/10\/generalitat.jpg 606w, https:\/\/jornades.iefc.cat\/2024\/wp-content\/uploads\/2024\/10\/generalitat-300x109.jpg 300w\" sizes=\"auto, (max-width: 606px) 100vw, 606px\" \/><\/figure>\n<\/div>\n<\/div>\n\n\n\n<p><\/p>\n","protected":false},"excerpt":{"rendered":"<p>D&#8217;origen i sentit interdisciplinari, i organitzades amb car\u00e0cter biennal per l&#8217;Institut d&#8217;Estudis Fotogr\u00e0fics de Catalunya (IEFC), les Jornades comptaran amb la col\u00b7laboraci\u00f3 d&#8217;artistes, te\u00f2rics i pensadors, que amb les seves experi\u00e8ncies, estudis i idees aportin respostes, interrogants, afirmacions o q\u00fcestionaments sobre el nostre present fotogr\u00e0fic. III JORNADES DE FOTOGRAFIA CONTEMPOR\u00c0NIA Fotografia i realitat; mediaci\u00f3 i [&hellip;]<\/p>\n","protected":false},"author":1,"featured_media":0,"parent":0,"menu_order":0,"comment_status":"closed","ping_status":"open","template":"","meta":{"footnotes":""},"class_list":["post-2","page","type-page","status-publish","hentry"],"_links":{"self":[{"href":"https:\/\/jornades.iefc.cat\/2024\/wp-json\/wp\/v2\/pages\/2","targetHints":{"allow":["GET"]}}],"collection":[{"href":"https:\/\/jornades.iefc.cat\/2024\/wp-json\/wp\/v2\/pages"}],"about":[{"href":"https:\/\/jornades.iefc.cat\/2024\/wp-json\/wp\/v2\/types\/page"}],"author":[{"embeddable":true,"href":"https:\/\/jornades.iefc.cat\/2024\/wp-json\/wp\/v2\/users\/1"}],"replies":[{"embeddable":true,"href":"https:\/\/jornades.iefc.cat\/2024\/wp-json\/wp\/v2\/comments?post=2"}],"version-history":[{"count":22,"href":"https:\/\/jornades.iefc.cat\/2024\/wp-json\/wp\/v2\/pages\/2\/revisions"}],"predecessor-version":[{"id":371,"href":"https:\/\/jornades.iefc.cat\/2024\/wp-json\/wp\/v2\/pages\/2\/revisions\/371"}],"wp:attachment":[{"href":"https:\/\/jornades.iefc.cat\/2024\/wp-json\/wp\/v2\/media?parent=2"}],"curies":[{"name":"wp","href":"https:\/\/api.w.org\/{rel}","templated":true}]}}