{"id":327,"date":"2024-10-09T10:26:32","date_gmt":"2024-10-09T08:26:32","guid":{"rendered":"https:\/\/jornades.iefc.cat\/?page_id=327"},"modified":"2024-10-09T12:27:53","modified_gmt":"2024-10-09T10:27:53","slug":"prensa","status":"publish","type":"page","link":"https:\/\/jornades.iefc.cat\/2024\/es\/prensa\/","title":{"rendered":"Prensa"},"content":{"rendered":"\n<p>CONTACTO<\/p>\n\n\n\n<p>Para m\u00e1s informaci\u00f3n, puede contactar con:<\/p>\n\n\n\n<p><a href=\"https:\/\/www.iefc.cat\/equip-huma\/llorenc-raich-munoz\/\"><strong>Lloren\u00e7 Raich<\/strong><\/a><br>llraich@iefc.cat<\/p>\n\n\n\n<p><a href=\"https:\/\/www.iefc.cat\/equip-huma\/ramon-casanova\/\"><strong>Ram\u00f3n Casanova<\/strong><\/a><br>rcasanova@iefc.cat<\/p>\n\n\n\n<p>Tel. 934 941 127<\/p>\n\n\n\n<p class=\"has-large-font-size\" id=\"https:\/\/bit.ly\/3Njmpq4\"><a href=\"https:\/\/bit.ly\/3Njmpq4\">DOCUMENTOS DESCARGABLES<\/a><\/p>\n\n\n\n<p><\/p>\n","protected":false},"excerpt":{"rendered":"<p>CONTACTO Para m\u00e1s informaci\u00f3n, puede contactar con: Lloren\u00e7 Raichllraich@iefc.cat Ram\u00f3n Casanovarcasanova@iefc.cat Tel. 934 941 127 DOCUMENTOS DESCARGABLES<\/p>\n","protected":false},"author":1,"featured_media":0,"parent":0,"menu_order":0,"comment_status":"closed","ping_status":"closed","template":"","meta":{"footnotes":""},"class_list":["post-327","page","type-page","status-publish","hentry"],"_links":{"self":[{"href":"https:\/\/jornades.iefc.cat\/2024\/es\/wp-json\/wp\/v2\/pages\/327","targetHints":{"allow":["GET"]}}],"collection":[{"href":"https:\/\/jornades.iefc.cat\/2024\/es\/wp-json\/wp\/v2\/pages"}],"about":[{"href":"https:\/\/jornades.iefc.cat\/2024\/es\/wp-json\/wp\/v2\/types\/page"}],"author":[{"embeddable":true,"href":"https:\/\/jornades.iefc.cat\/2024\/es\/wp-json\/wp\/v2\/users\/1"}],"replies":[{"embeddable":true,"href":"https:\/\/jornades.iefc.cat\/2024\/es\/wp-json\/wp\/v2\/comments?post=327"}],"version-history":[{"count":3,"href":"https:\/\/jornades.iefc.cat\/2024\/es\/wp-json\/wp\/v2\/pages\/327\/revisions"}],"predecessor-version":[{"id":345,"href":"https:\/\/jornades.iefc.cat\/2024\/es\/wp-json\/wp\/v2\/pages\/327\/revisions\/345"}],"wp:attachment":[{"href":"https:\/\/jornades.iefc.cat\/2024\/es\/wp-json\/wp\/v2\/media?parent=327"}],"curies":[{"name":"wp","href":"https:\/\/api.w.org\/{rel}","templated":true}]}}