{"id":321,"date":"2024-10-09T10:15:30","date_gmt":"2024-10-09T08:15:30","guid":{"rendered":"https:\/\/jornades.iefc.cat\/?page_id=321"},"modified":"2024-10-14T14:31:24","modified_gmt":"2024-10-14T12:31:24","slug":"programa-2","status":"publish","type":"page","link":"https:\/\/jornades.iefc.cat\/2024\/es\/programa-2\/","title":{"rendered":"Programa-cast"},"content":{"rendered":"\n<p class=\"has-large-font-size\" style=\"padding-top:0;padding-bottom:0\"><strong>22 DE OCTUBRE<\/strong><\/p>\n\n\n\n<p class=\"has-medium-font-size\"><strong>DE LA REALIDAD \u00cdNTIMA <\/strong><strong>A LA SOCIAL<\/strong><\/p>\n\n\n\n<hr class=\"wp-block-separator has-text-color has-black-color has-alpha-channel-opacity has-black-background-color has-background\"\/>\n\n\n\n<p class=\"has-small-font-size\">18 a 21 h. Espai 4. La Virreina Centre de la Imatge.<br>Charlas en catal\u00e1n y castellano.<\/p>\n\n\n\n<p><strong>La subversi\u00f3n de la realidad<\/strong>, <strong><a href=\"http:\/\/www.israelarino.com\" data-type=\"link\" data-id=\"www.israelarino.com\">Israel Ari\u00f1o<\/a><\/strong><\/p>\n\n\n\n<div class=\"wp-block-columns is-layout-flex wp-container-core-columns-is-layout-28f84493 wp-block-columns-is-layout-flex\">\n<div class=\"wp-block-column is-layout-flow wp-block-column-is-layout-flow\" style=\"flex-basis:33.33%\">\n<figure class=\"wp-block-image size-full has-custom-border wp-duotone-unset-1\"><a href=\"www.israelarino.com\"><img loading=\"lazy\" decoding=\"async\" width=\"800\" height=\"1000\" src=\"https:\/\/jornades.iefc.cat\/wp-content\/uploads\/2024\/09\/ISRAEL_ARINO_2022_web.jpg\" alt=\"\" class=\"wp-image-82\" style=\"border-style:none;border-width:0px\" srcset=\"https:\/\/jornades.iefc.cat\/2024\/es\/wp-content\/uploads\/2024\/09\/ISRAEL_ARINO_2022_web.jpg 800w, https:\/\/jornades.iefc.cat\/2024\/es\/wp-content\/uploads\/2024\/09\/ISRAEL_ARINO_2022_web-240x300.jpg 240w, https:\/\/jornades.iefc.cat\/2024\/es\/wp-content\/uploads\/2024\/09\/ISRAEL_ARINO_2022_web-768x960.jpg 768w\" sizes=\"auto, (max-width: 800px) 100vw, 800px\" \/><\/a><figcaption class=\"wp-element-caption\">\u00a9 Israel Ari\u00f1o<\/figcaption><\/figure>\n<\/div>\n\n\n\n<div class=\"wp-block-column is-layout-flow wp-block-column-is-layout-flow\" style=\"flex-basis:66.66%\">\n<p>Fotografiar&nbsp;lo&nbsp;evidente&nbsp;o la sugerencia; traspasar lo descriptivo para mostrar lo oculto: subvertir la apariencia.&nbsp; En el&nbsp;espacio geogr\u00e1fico&nbsp;-territorio y&nbsp;habitantes-&nbsp;como el espacio mental&nbsp;de la experiencia&nbsp;\u00edntima, deviene la dimensi\u00f3n po\u00e9tica&nbsp;de la fotograf\u00eda.<\/p>\n<\/div>\n<\/div>\n\n\n\n<p><strong>Hoy pienso en un autorretrato para alejar al yo de la disoluci\u00f3n (*)<\/strong>, <strong><a href=\"http:\/\/sandymoldavia.hotglue.me\" data-type=\"link\" data-id=\"sandymoldavia.hotglue.me\">Sandy Moldavia<\/a><\/strong><\/p>\n\n\n\n<div class=\"wp-block-columns is-layout-flex wp-container-core-columns-is-layout-28f84493 wp-block-columns-is-layout-flex\">\n<div class=\"wp-block-column is-layout-flow wp-block-column-is-layout-flow\" style=\"flex-basis:33.33%\">\n<figure class=\"wp-block-image size-large\"><img loading=\"lazy\" decoding=\"async\" width=\"640\" height=\"1024\" src=\"https:\/\/jornades.iefc.cat\/wp-content\/uploads\/2024\/09\/SandyMoldavia_Selfies-Zepeto-2018-web-640x1024.jpg\" alt=\"\" class=\"wp-image-84\" srcset=\"https:\/\/jornades.iefc.cat\/2024\/es\/wp-content\/uploads\/2024\/09\/SandyMoldavia_Selfies-Zepeto-2018-web-640x1024.jpg 640w, https:\/\/jornades.iefc.cat\/2024\/es\/wp-content\/uploads\/2024\/09\/SandyMoldavia_Selfies-Zepeto-2018-web-188x300.jpg 188w, https:\/\/jornades.iefc.cat\/2024\/es\/wp-content\/uploads\/2024\/09\/SandyMoldavia_Selfies-Zepeto-2018-web-768x1229.jpg 768w, https:\/\/jornades.iefc.cat\/2024\/es\/wp-content\/uploads\/2024\/09\/SandyMoldavia_Selfies-Zepeto-2018-web.jpg 800w\" sizes=\"auto, (max-width: 640px) 100vw, 640px\" \/><figcaption class=\"wp-element-caption\">\u00a9 Sandy Moldavia<\/figcaption><\/figure>\n<\/div>\n\n\n\n<div class=\"wp-block-column is-layout-flow wp-block-column-is-layout-flow\" style=\"flex-basis:66.66%\">\n<p>A partir del concepto de <em>extimidad <\/em>y de una selecci\u00f3n de obras de la propia artista, se hablar\u00e1 sobre el deseo de un yo que busca, a trav\u00e9s de la autorepresentaci\u00f3n, hallar en lo com\u00fan y en lo universal formas de narrar las contradicciones del sistema capitalista.<\/p>\n\n\n\n<p>(*) Del primer <em>Diario <\/em>de Ana\u00efs Nin.<\/p>\n<\/div>\n<\/div>\n\n\n\n<p><strong><em>Colecci\u00f3n de cuandos<\/em><\/strong>, <strong><a href=\"http:\/\/www.nodetenerse.com\" data-type=\"link\" data-id=\"www.nodetenerse.com\">Juanan Requena<\/a><\/strong><\/p>\n\n\n\n<div class=\"wp-block-columns is-layout-flex wp-container-core-columns-is-layout-28f84493 wp-block-columns-is-layout-flex\">\n<div class=\"wp-block-column is-layout-flow wp-block-column-is-layout-flow\" style=\"flex-basis:33.33%\">\n<figure class=\"wp-block-image size-large\"><img loading=\"lazy\" decoding=\"async\" width=\"683\" height=\"1024\" src=\"https:\/\/jornades.iefc.cat\/wp-content\/uploads\/2024\/09\/juanan_sintitulo_2022_web-683x1024.jpg\" alt=\"\" class=\"wp-image-90\" srcset=\"https:\/\/jornades.iefc.cat\/2024\/es\/wp-content\/uploads\/2024\/09\/juanan_sintitulo_2022_web-683x1024.jpg 683w, https:\/\/jornades.iefc.cat\/2024\/es\/wp-content\/uploads\/2024\/09\/juanan_sintitulo_2022_web-200x300.jpg 200w, https:\/\/jornades.iefc.cat\/2024\/es\/wp-content\/uploads\/2024\/09\/juanan_sintitulo_2022_web-768x1152.jpg 768w, https:\/\/jornades.iefc.cat\/2024\/es\/wp-content\/uploads\/2024\/09\/juanan_sintitulo_2022_web.jpg 800w\" sizes=\"auto, (max-width: 683px) 100vw, 683px\" \/><figcaption class=\"wp-element-caption\">\u00a9 Juanan Requena<\/figcaption><\/figure>\n<\/div>\n\n\n\n<div class=\"wp-block-column is-layout-flow wp-block-column-is-layout-flow\" style=\"flex-basis:66.66%\">\n<p>Hablan las fotograf\u00edas de la duraci\u00f3n de lo que se crey\u00f3 por un instante, o de su fr\u00e1gil estancia al menos.<br>De todo cuanto un d\u00eda fue ra\u00edz y temblar\u00e1 en tus manos desde entonces. De las marcas sobre las p\u00e1ginas compartidas.<br>De los vaivenes que siempre transforma el recuerdo. De la perenne b\u00fasqueda que borra respuestas porque no desea su final.<br>De cuanto crece invisible apenas y deja sobre la memoria cientos de pa\u00f1uelos de bruma.<\/p>\n<\/div>\n<\/div>\n\n\n\n<p><strong><br><br>Apuntes er\u00f3ticos sobre la dial\u00e9ctica entre lo pol\u00edtico y lo personal en lo femenino<\/strong>, <strong><a href=\"https:\/\/www.instagram.com\/juanadolorex\/\" data-type=\"link\" data-id=\"https:\/\/www.instagram.com\/juanadolorex\/\">Juana Dolores<\/a><\/strong><\/p>\n\n\n\n<div class=\"wp-block-columns is-layout-flex wp-container-core-columns-is-layout-28f84493 wp-block-columns-is-layout-flex\">\n<div class=\"wp-block-column is-layout-flow wp-block-column-is-layout-flow\" style=\"flex-basis:33.33%\">\n<figure class=\"wp-block-image size-large\"><img loading=\"lazy\" decoding=\"async\" width=\"768\" height=\"1024\" src=\"https:\/\/jornades.iefc.cat\/wp-content\/uploads\/2024\/09\/JuanaDolores_MISSUNIVERSO2021-web-768x1024.jpg\" alt=\"\" class=\"wp-image-92\" srcset=\"https:\/\/jornades.iefc.cat\/2024\/es\/wp-content\/uploads\/2024\/09\/JuanaDolores_MISSUNIVERSO2021-web-768x1024.jpg 768w, https:\/\/jornades.iefc.cat\/2024\/es\/wp-content\/uploads\/2024\/09\/JuanaDolores_MISSUNIVERSO2021-web-225x300.jpg 225w, https:\/\/jornades.iefc.cat\/2024\/es\/wp-content\/uploads\/2024\/09\/JuanaDolores_MISSUNIVERSO2021-web.jpg 800w\" sizes=\"auto, (max-width: 768px) 100vw, 768px\" \/><figcaption class=\"wp-element-caption\">\u00a9 Juana Dolores \/ Amanda G. Eleuterio<\/figcaption><\/figure>\n<\/div>\n\n\n\n<div class=\"wp-block-column is-layout-flow wp-block-column-is-layout-flow\" style=\"flex-basis:66.66%\">\n<p>A partir del an\u00e1lisis de las l\u00edneas te\u00f3ricas y est\u00e9ticas de mi trabajo, reflexionar\u00e9 sobre la feminidad desde su dimensi\u00f3n sociocultural y desde su esfera \u00edntima, explorando sus capacidades de disrupci\u00f3n y sus formas prefigurativas de disidencia, transgresi\u00f3n y subversi\u00f3n contra la normatividad y la moral capitalista.<\/p>\n<\/div>\n<\/div>\n\n\n\n<p class=\"has-large-font-size\" style=\"padding-top:0;padding-bottom:0\"><strong>23 DE OCTUBRE<\/strong><\/p>\n\n\n\n<p><strong>DE LA REALIDAD F\u00cdSICA A LA ILUS\u00d2RIA<\/strong><\/p>\n\n\n\n<hr class=\"wp-block-separator has-text-color has-black-color has-alpha-channel-opacity has-black-background-color has-background\"\/>\n\n\n\n<p class=\"has-small-font-size\">18 a 21 h. Espai 4. La Virreina Centre de la Imatge.<br><em>Charla en ingl\u00e9s<\/em><\/p>\n\n\n\n<p><strong><em>The order of the Camera<\/em><\/strong><\/p>\n\n\n\n<figure class=\"wp-block-image size-full\"><img loading=\"lazy\" decoding=\"async\" width=\"1000\" height=\"464\" src=\"https:\/\/jornades.iefc.cat\/wp-content\/uploads\/2024\/09\/B7658-wesely.jpg\" alt=\"\" class=\"wp-image-141\" srcset=\"https:\/\/jornades.iefc.cat\/2024\/es\/wp-content\/uploads\/2024\/09\/B7658-wesely.jpg 1000w, https:\/\/jornades.iefc.cat\/2024\/es\/wp-content\/uploads\/2024\/09\/B7658-wesely-300x139.jpg 300w, https:\/\/jornades.iefc.cat\/2024\/es\/wp-content\/uploads\/2024\/09\/B7658-wesely-768x356.jpg 768w\" sizes=\"auto, (max-width: 1000px) 100vw, 1000px\" \/><figcaption class=\"wp-element-caption\">\u00a9 Michael Wesely<\/figcaption><\/figure>\n\n\n\n<p>La obra de <a href=\"http:\/\/www.wesely.org\" data-type=\"link\" data-id=\"www.wesely.org\"><strong>Michael&nbsp;Wesely<\/strong><\/a>, como su forma de entender la fotograf\u00eda, surgi\u00f3 de un profundo inter\u00e9s por la c\u00e1mara fotogr\u00e1fica; ese espacio tridimensional que encuadra para recoger la luz y dar forma a una imagen.<\/p>\n\n\n\n<p>El t\u00e9rmino, <em>c\u00e1mara,<\/em> procede del italiano,<em> camera<\/em>, significa -simplemente- habitaci\u00f3n. Hacia 1989, cuando se celebraron los 150 a\u00f1os del nacimiento de la fotograf\u00eda, el autor canaliz\u00f3 su trabajo sobre el fundamento t\u00e9cnico integrado en esa estancia de luz y, en concreto, en aquel que le permite explorar los l\u00edmites del tiempo de exposici\u00f3n.<\/p>\n\n\n\n<p>Su afinidad \u00fanica con el &#8216;orden de la c\u00e1mara&#8217; le permite construir im\u00e1genes de la realidad en las que explora el concepto de tiempo, diferentes condiciones de apertura y otra idea de enfoque. En todas estas series de obras, trasciende la representaci\u00f3n cl\u00e1sica del instante fotogr\u00e1fico.<\/p>\n\n\n\n<p class=\"has-large-font-size\" style=\"padding-top:0;padding-bottom:0\"><strong>24 DE OCTUBRE<\/strong><\/p>\n\n\n\n<p><strong>DE LA REALIDAD VISIBLE A LA IMAGINADA<\/strong><\/p>\n\n\n\n<hr class=\"wp-block-separator has-text-color has-black-color has-alpha-channel-opacity has-black-background-color has-background\"\/>\n\n\n\n<p class=\"has-small-font-size\">18 a 21 h. Espai 4. La Virreina Centre de la Imatge.<br><em>Charla en catal\u00e1n<\/em><\/p>\n\n\n\n<p>Tanit&nbsp;Plana y Josep Maria Ganyet dirigir\u00e1n esta sesi\u00f3n, explorando la transici\u00f3n de la realidad visible, tangible, hacia una dimensi\u00f3n imaginada y conceptual. Mediante sus obras, abordar\u00e1n c\u00f3mo la fotograf\u00eda puede ser utilizada para reinterpretar y reinventar la realidad, dando lugar a nuevas narrativas y significados simb\u00f3licos.<\/p>\n\n\n\n<p><strong>La m\u00e1quina <em>queer<\/em><\/strong>, <strong><a href=\"http:\/\/www.tanitplana.com\" data-type=\"link\" data-id=\"www.tanitplana.com\">Tanit Plana<\/a><\/strong><\/p>\n\n\n\n<div class=\"wp-block-columns is-layout-flex wp-container-core-columns-is-layout-28f84493 wp-block-columns-is-layout-flex\">\n<div class=\"wp-block-column is-layout-flow wp-block-column-is-layout-flow\" style=\"flex-basis:33.33%\">\n<figure class=\"wp-block-image size-full\"><img loading=\"lazy\" decoding=\"async\" width=\"800\" height=\"800\" src=\"https:\/\/jornades.iefc.cat\/wp-content\/uploads\/2024\/09\/d14c4840-4453-4e84-b2ad-e48cc483bd3c_1_tanit-plana.jpg\" alt=\"\" class=\"wp-image-164\" srcset=\"https:\/\/jornades.iefc.cat\/2024\/es\/wp-content\/uploads\/2024\/09\/d14c4840-4453-4e84-b2ad-e48cc483bd3c_1_tanit-plana.jpg 800w, https:\/\/jornades.iefc.cat\/2024\/es\/wp-content\/uploads\/2024\/09\/d14c4840-4453-4e84-b2ad-e48cc483bd3c_1_tanit-plana-300x300.jpg 300w, https:\/\/jornades.iefc.cat\/2024\/es\/wp-content\/uploads\/2024\/09\/d14c4840-4453-4e84-b2ad-e48cc483bd3c_1_tanit-plana-150x150.jpg 150w, https:\/\/jornades.iefc.cat\/2024\/es\/wp-content\/uploads\/2024\/09\/d14c4840-4453-4e84-b2ad-e48cc483bd3c_1_tanit-plana-768x768.jpg 768w\" sizes=\"auto, (max-width: 800px) 100vw, 800px\" \/><figcaption class=\"wp-element-caption\">\u00a9 Tanit Plana<\/figcaption><\/figure>\n<\/div>\n\n\n\n<div class=\"wp-block-column is-layout-flow wp-block-column-is-layout-flow\" style=\"flex-basis:66.66%\">\n<p>Coger de la mano la inteligencia artificial y llevarla de paseo hacia donde no se supone que tiene que ir. Por los m\u00e1rgenes.<br><br>Desviarla para poder disparar contra todos los mecanismos que la constituyen, estos que perpet\u00faan modelos sociales, econ\u00f3micos y geopol\u00edticos caducados.<br><br>Es un intento, un gesto po\u00e9tico y pol\u00edtico, de abrazar tantas contradicciones como sea posible en la creaci\u00f3n, los usos y la exploraci\u00f3n de los m\u00e9todos sint\u00e9ticos.<br><br>Urge la necesidad y el deseo de acercamiento para el establecimiento de una posible relaci\u00f3n con la m\u00e1quina y m\u00e1s all\u00e1 de ella. Entrar en contacto a trav\u00e9s del juego y la creaci\u00f3n para poder pensar cr\u00edticamente sobre los nuevos contextos (y las problem\u00e1ticas asociadas a ellos) que nos son propuestos mediante la llamada inteligencia artificial.<br><br>No existe el que la m\u00e1quina puede o el que la m\u00e1quina hace, no es ella o nosotros. La m\u00e1quina soy yo. La m\u00e1quina eres t\u00fa.<\/p>\n<\/div>\n<\/div>\n\n\n\n<p><strong>La&nbsp;IA&nbsp;generativa: de S\u00f3crates a Frankenstein<\/strong>, <strong><a href=\"http:\/\/www.mortensen.cat\" data-type=\"link\" data-id=\"www.mortensen.cat\">Josep Maria Ganyet<\/a><\/strong><\/p>\n\n\n\n<p>Se puede establecer una analog\u00eda entre la oposici\u00f3n de S\u00f3crates a la tecnolog\u00eda de la palabra escrita (nuestros j\u00f3venes perder\u00e1n la capacidad de memorizar) y la oposici\u00f3n a la&nbsp;IA&nbsp;por parte de la comunidad creativa.<br>\u00bfLa generaci\u00f3n de&nbsp;IA&nbsp;nos har\u00e1 olvidar c\u00f3mo crear? Otra analog\u00eda la encontramos en los procesos de creaci\u00f3n con&nbsp;IA&nbsp;generativa donde persona y m\u00e1quina crean a partir de piezas preexistentes como en el caso del Dr. Frankenstein y su monstruo. \u00bfPuede acabar mat\u00e1ndonos el monstruo? O, por el contrario, nos puede deshacer de los trabajos repetitivos.<\/p>\n\n\n\n<p><\/p>\n","protected":false},"excerpt":{"rendered":"<p>22 DE OCTUBRE DE LA REALIDAD \u00cdNTIMA A LA SOCIAL 18 a 21 h. Espai 4. La Virreina Centre de la Imatge.Charlas en catal\u00e1n y castellano. La subversi\u00f3n de la realidad, Israel Ari\u00f1o Fotografiar&nbsp;lo&nbsp;evidente&nbsp;o la sugerencia; traspasar lo descriptivo para mostrar lo oculto: subvertir la apariencia.&nbsp; En el&nbsp;espacio geogr\u00e1fico&nbsp;-territorio y&nbsp;habitantes-&nbsp;como el espacio mental&nbsp;de la experiencia&nbsp;\u00edntima, [&hellip;]<\/p>\n","protected":false},"author":1,"featured_media":0,"parent":0,"menu_order":0,"comment_status":"closed","ping_status":"closed","template":"","meta":{"footnotes":""},"class_list":["post-321","page","type-page","status-publish","hentry"],"_links":{"self":[{"href":"https:\/\/jornades.iefc.cat\/2024\/es\/wp-json\/wp\/v2\/pages\/321","targetHints":{"allow":["GET"]}}],"collection":[{"href":"https:\/\/jornades.iefc.cat\/2024\/es\/wp-json\/wp\/v2\/pages"}],"about":[{"href":"https:\/\/jornades.iefc.cat\/2024\/es\/wp-json\/wp\/v2\/types\/page"}],"author":[{"embeddable":true,"href":"https:\/\/jornades.iefc.cat\/2024\/es\/wp-json\/wp\/v2\/users\/1"}],"replies":[{"embeddable":true,"href":"https:\/\/jornades.iefc.cat\/2024\/es\/wp-json\/wp\/v2\/comments?post=321"}],"version-history":[{"count":7,"href":"https:\/\/jornades.iefc.cat\/2024\/es\/wp-json\/wp\/v2\/pages\/321\/revisions"}],"predecessor-version":[{"id":388,"href":"https:\/\/jornades.iefc.cat\/2024\/es\/wp-json\/wp\/v2\/pages\/321\/revisions\/388"}],"wp:attachment":[{"href":"https:\/\/jornades.iefc.cat\/2024\/es\/wp-json\/wp\/v2\/media?parent=321"}],"curies":[{"name":"wp","href":"https:\/\/api.w.org\/{rel}","templated":true}]}}