{"id":273,"date":"2024-10-07T15:52:44","date_gmt":"2024-10-07T13:52:44","guid":{"rendered":"https:\/\/jornades.iefc.cat\/?page_id=273"},"modified":"2024-10-11T13:20:21","modified_gmt":"2024-10-11T11:20:21","slug":"las-jornadas","status":"publish","type":"page","link":"https:\/\/jornades.iefc.cat\/2024\/es\/las-jornadas\/","title":{"rendered":"Las Jornadas"},"content":{"rendered":"\n<p style=\"padding-top:var(--wp--preset--spacing--40);padding-bottom:var(--wp--preset--spacing--40)\">De origen y sentido interdisciplinario, y organizadas con car\u00e1cter bienal por el <a href=\"https:\/\/www.iefc.cat\/es\/\"><strong>Institut d&#8217;Estudis Fotogr\u00e0fics de Catalunya (IEFC)<\/strong><\/a>, las Jornadas contar\u00e1n con la colaboraci\u00f3n de artistas, te\u00f3ricos y pensadores, que con sus experiencias, estudios y ideas aporten respuestas, interrogantes, afirmaciones o cuestionamientos sobre nuestro presente fotogr\u00e1fico.<\/p>\n\n\n\n<p class=\"has-large-font-size\" style=\"padding-top:var(--wp--preset--spacing--20);padding-right:0;padding-bottom:var(--wp--preset--spacing--20);padding-left:0\">III JORNADAS DE FOTOGRAF\u00cdA CONTEMPOR\u00c1NEA<\/p>\n\n\n\n<hr class=\"wp-block-separator has-text-color has-black-color has-alpha-channel-opacity has-black-background-color has-background\"\/>\n\n\n\n<p class=\"has-large-font-size\">Fotograf\u00eda y realidad; mediaci\u00f3n y representaci\u00f3n<\/p>\n\n\n\n<p>La Virreina Centre de la Imatge<br>22 al 24 de octubre de 2024<br>18 a 21 h<\/p>\n\n\n\n<p>Todo medio art\u00edstico parte del devenir de la realidad para acceder a su comprensi\u00f3n. Un itinerario marcado por la singularidad t\u00e9cnica que cada una de las artes aplica en su representaci\u00f3n simb\u00f3lica.<\/p>\n\n\n\n<p>La fotograf\u00eda, al necesitar de la realidad inmediata, se encontr\u00f3 ante el abismo de una nueva concepci\u00f3n creativa: otorgar sentido a la realidad visible, a esa misma realidad que la c\u00e1mara reproduc\u00eda con una precisi\u00f3n in\u00e9dita, un aspecto que se alejaba del principio de creaci\u00f3n de la p\u00e1gina o el lienzo en blanco.<\/p>\n\n\n\n<p>El proceso fotogr\u00e1fico arg\u00e9ntico, la irrupci\u00f3n de la fotograf\u00eda digital y la creaci\u00f3n de im\u00e1genes con acabado fotogr\u00e1fico generadas por IA coexisten en nuestra contemporaneidad. Los artistas emplean estas t\u00e9cnicas con un mismo fin: trascender lo visible para expresar las vicisitudes del ser humano y cuestionar la realidad social que lo rodea.<\/p>\n\n\n\n<p class=\"has-roboto-font-family\">En estas jornadas abordaremos las posturas que el arte, la ciencia y el pensamiento adoptan, en su mediaci\u00f3n con la realidad, ante los nuevos retos que presenta el siglo XXI.<\/p>\n\n\n\n<figure class=\"wp-block-image size-large\"><img loading=\"lazy\" decoding=\"async\" width=\"734\" height=\"1024\" src=\"https:\/\/jornades.iefc.cat\/wp-content\/uploads\/2024\/09\/cartell-jornades-fotografia-contemporania-iefc-ombra-734x1024.jpg\" alt=\"\" class=\"wp-image-34\" srcset=\"https:\/\/jornades.iefc.cat\/2024\/es\/wp-content\/uploads\/2024\/09\/cartell-jornades-fotografia-contemporania-iefc-ombra-734x1024.jpg 734w, https:\/\/jornades.iefc.cat\/2024\/es\/wp-content\/uploads\/2024\/09\/cartell-jornades-fotografia-contemporania-iefc-ombra-215x300.jpg 215w, https:\/\/jornades.iefc.cat\/2024\/es\/wp-content\/uploads\/2024\/09\/cartell-jornades-fotografia-contemporania-iefc-ombra-768x1072.jpg 768w, https:\/\/jornades.iefc.cat\/2024\/es\/wp-content\/uploads\/2024\/09\/cartell-jornades-fotografia-contemporania-iefc-ombra-1101x1536.jpg 1101w, https:\/\/jornades.iefc.cat\/2024\/es\/wp-content\/uploads\/2024\/09\/cartell-jornades-fotografia-contemporania-iefc-ombra-1468x2048.jpg 1468w, https:\/\/jornades.iefc.cat\/2024\/es\/wp-content\/uploads\/2024\/09\/cartell-jornades-fotografia-contemporania-iefc-ombra-scaled.jpg 1835w\" sizes=\"auto, (max-width: 734px) 100vw, 734px\" \/><\/figure>\n\n\n\n<p><strong>Comisariado<\/strong><br>Ram\u00f3n Casanova y Lloren\u00e7 Raich.<br>Departamento de Actividades Culturales del IEFC<\/p>\n\n\n\n<p><strong>Direcci\u00f3n<\/strong><br>Josep Maria de Llobet<\/p>\n\n\n\n<p><strong>Organiza<\/strong><br>IEFC, Institut d\u2019Estudis Fotogr\u00e0fics de Catalunya.<\/p>\n\n\n\n<p><strong>Colaboraci\u00f3n<\/strong><br>La Virreina Centre de la Imatge<\/p>\n\n\n\n<p><strong>Soporte<\/strong><br>Departament de Cultura de la Generalitat de Catalunya <br><\/p>\n\n\n\n<div class=\"wp-block-columns is-layout-flex wp-container-core-columns-is-layout-28f84493 wp-block-columns-is-layout-flex\">\n<div class=\"wp-block-column is-layout-flow wp-block-column-is-layout-flow\">\n<figure class=\"wp-block-image size-full\"><img loading=\"lazy\" decoding=\"async\" width=\"498\" height=\"220\" src=\"https:\/\/jornades.iefc.cat\/wp-content\/uploads\/2024\/10\/iefc-1.jpg\" alt=\"\" class=\"wp-image-221\" srcset=\"https:\/\/jornades.iefc.cat\/2024\/es\/wp-content\/uploads\/2024\/10\/iefc-1.jpg 498w, https:\/\/jornades.iefc.cat\/2024\/es\/wp-content\/uploads\/2024\/10\/iefc-1-300x133.jpg 300w\" sizes=\"auto, (max-width: 498px) 100vw, 498px\" \/><\/figure>\n<\/div>\n\n\n\n<div class=\"wp-block-column is-layout-flow wp-block-column-is-layout-flow\">\n<figure class=\"wp-block-image size-full\"><img loading=\"lazy\" decoding=\"async\" width=\"558\" height=\"220\" src=\"https:\/\/jornades.iefc.cat\/wp-content\/uploads\/2024\/10\/lavierreina.jpg\" alt=\"\" class=\"wp-image-222\" srcset=\"https:\/\/jornades.iefc.cat\/2024\/es\/wp-content\/uploads\/2024\/10\/lavierreina.jpg 558w, https:\/\/jornades.iefc.cat\/2024\/es\/wp-content\/uploads\/2024\/10\/lavierreina-300x118.jpg 300w\" sizes=\"auto, (max-width: 558px) 100vw, 558px\" \/><\/figure>\n<\/div>\n\n\n\n<div class=\"wp-block-column is-layout-flow wp-block-column-is-layout-flow\">\n<figure class=\"wp-block-image size-full\"><img loading=\"lazy\" decoding=\"async\" width=\"606\" height=\"220\" src=\"https:\/\/jornades.iefc.cat\/wp-content\/uploads\/2024\/10\/generalitat.jpg\" alt=\"\" class=\"wp-image-223\" srcset=\"https:\/\/jornades.iefc.cat\/2024\/es\/wp-content\/uploads\/2024\/10\/generalitat.jpg 606w, https:\/\/jornades.iefc.cat\/2024\/es\/wp-content\/uploads\/2024\/10\/generalitat-300x109.jpg 300w\" sizes=\"auto, (max-width: 606px) 100vw, 606px\" \/><\/figure>\n<\/div>\n<\/div>\n","protected":false},"excerpt":{"rendered":"<p>De origen y sentido interdisciplinario, y organizadas con car\u00e1cter bienal por el Institut d&#8217;Estudis Fotogr\u00e0fics de Catalunya (IEFC), las Jornadas contar\u00e1n con la colaboraci\u00f3n de artistas, te\u00f3ricos y pensadores, que con sus experiencias, estudios y ideas aporten respuestas, interrogantes, afirmaciones o cuestionamientos sobre nuestro presente fotogr\u00e1fico. III JORNADAS DE FOTOGRAF\u00cdA CONTEMPOR\u00c1NEA Fotograf\u00eda y realidad; mediaci\u00f3n [&hellip;]<\/p>\n","protected":false},"author":1,"featured_media":0,"parent":0,"menu_order":0,"comment_status":"closed","ping_status":"closed","template":"","meta":{"footnotes":""},"class_list":["post-273","page","type-page","status-publish","hentry"],"_links":{"self":[{"href":"https:\/\/jornades.iefc.cat\/2024\/es\/wp-json\/wp\/v2\/pages\/273","targetHints":{"allow":["GET"]}}],"collection":[{"href":"https:\/\/jornades.iefc.cat\/2024\/es\/wp-json\/wp\/v2\/pages"}],"about":[{"href":"https:\/\/jornades.iefc.cat\/2024\/es\/wp-json\/wp\/v2\/types\/page"}],"author":[{"embeddable":true,"href":"https:\/\/jornades.iefc.cat\/2024\/es\/wp-json\/wp\/v2\/users\/1"}],"replies":[{"embeddable":true,"href":"https:\/\/jornades.iefc.cat\/2024\/es\/wp-json\/wp\/v2\/comments?post=273"}],"version-history":[{"count":5,"href":"https:\/\/jornades.iefc.cat\/2024\/es\/wp-json\/wp\/v2\/pages\/273\/revisions"}],"predecessor-version":[{"id":370,"href":"https:\/\/jornades.iefc.cat\/2024\/es\/wp-json\/wp\/v2\/pages\/273\/revisions\/370"}],"wp:attachment":[{"href":"https:\/\/jornades.iefc.cat\/2024\/es\/wp-json\/wp\/v2\/media?parent=273"}],"curies":[{"name":"wp","href":"https:\/\/api.w.org\/{rel}","templated":true}]}}